{"id":2631,"date":"2017-06-18T19:09:07","date_gmt":"2017-06-18T19:09:07","guid":{"rendered":"http:\/\/ld-wp.template-help.com\/wordpress_prod-13206\/sample\/?page_id=2631"},"modified":"2026-03-27T09:04:08","modified_gmt":"2026-03-27T09:04:08","slug":"splosno-zobozdravstvo","status":"publish","type":"page","link":"https:\/\/www.kieferorthopaedie-ortodent.at\/de\/storitve\/splosno-zobozdravstvo\/","title":{"rendered":"Splo\u0161no zobozdravstvo"},"content":{"rendered":"<div data-elementor-type=\"wp-post\" data-elementor-id=\"2631\" class=\"elementor elementor-2631\" data-elementor-post-type=\"page\">\n\t\t\t\t<div class=\"elementor-element elementor-element-c3c94fc e-flex e-con-boxed e-con e-parent\" data-id=\"c3c94fc\" data-element_type=\"container\" data-e-type=\"container\" data-settings=\"{&quot;background_background&quot;:&quot;classic&quot;}\">\n\t\t\t\t\t<div class=\"e-con-inner\">\n\t\t<div class=\"elementor-element elementor-element-a6cec37 e-con-full e-flex e-con e-child\" data-id=\"a6cec37\" data-element_type=\"container\" data-e-type=\"container\">\n\t\t\t\t<div class=\"elementor-element elementor-element-2b17709 elementor-widget elementor-widget-spacer\" data-id=\"2b17709\" data-element_type=\"widget\" data-e-type=\"widget\" data-widget_type=\"spacer.default\">\n\t\t\t\t<div class=\"elementor-widget-container\">\n\t\t\t\t\t\t\t<div class=\"elementor-spacer\">\n\t\t\t<div class=\"elementor-spacer-inner\"><\/div>\n\t\t<\/div>\n\t\t\t\t\t\t<\/div>\n\t\t\t\t<\/div>\n\t\t\t\t<\/div>\n\t\t\t\t\t<\/div>\n\t\t\t\t<\/div>\n\t\t<div class=\"elementor-element elementor-element-5b152d8 e-con-full e-flex e-con e-parent\" data-id=\"5b152d8\" data-element_type=\"container\" data-e-type=\"container\" data-settings=\"{&quot;background_background&quot;:&quot;classic&quot;}\">\n\t\t<div class=\"elementor-element elementor-element-ebe14ea e-con-full e-flex e-con e-child\" data-id=\"ebe14ea\" data-element_type=\"container\" data-e-type=\"container\">\n\t\t\t\t<div class=\"elementor-element elementor-element-c28c44e elementor-widget elementor-widget-text-editor\" data-id=\"c28c44e\" data-element_type=\"widget\" data-e-type=\"widget\" data-widget_type=\"text-editor.default\">\n\t\t\t\t<div class=\"elementor-widget-container\">\n\t\t\t\t\t\t\t\t\t<p>Splo\u0161no zobozdravstvo<\/p>\t\t\t\t\t\t\t\t<\/div>\n\t\t\t\t<\/div>\n\t\t\t\t<div class=\"elementor-element elementor-element-93e0bd7 elementor-widget elementor-widget-button\" data-id=\"93e0bd7\" data-element_type=\"widget\" data-e-type=\"widget\" data-widget_type=\"button.default\">\n\t\t\t\t<div class=\"elementor-widget-container\">\n\t\t\t\t\t\t\t\t\t<div class=\"elementor-button-wrapper\">\n\t\t\t\t\t<a class=\"elementor-button elementor-button-link elementor-size-sm\" href=\"https:\/\/ortodent.si\/kontakt-2\/\">\n\t\t\t\t\t\t<span class=\"elementor-button-content-wrapper\">\n\t\t\t\t\t\t\t\t\t<span class=\"elementor-button-text\">Rezerviraj termin<\/span>\n\t\t\t\t\t<\/span>\n\t\t\t\t\t<\/a>\n\t\t\t\t<\/div>\n\t\t\t\t\t\t\t\t<\/div>\n\t\t\t\t<\/div>\n\t\t\t\t<\/div>\n\t\t<div class=\"elementor-element elementor-element-748b9a4 e-con-full e-flex e-con e-child\" data-id=\"748b9a4\" data-element_type=\"container\" data-e-type=\"container\">\n\t\t\t\t<div class=\"elementor-element elementor-element-0768609 elementor-widget elementor-widget-text-editor\" data-id=\"0768609\" data-element_type=\"widget\" data-e-type=\"widget\" data-widget_type=\"text-editor.default\">\n\t\t\t\t<div class=\"elementor-widget-container\">\n\t\t\t\t\t\t\t\t\t<p><strong>Splo\u0161no zobozdravstvo<\/strong> si prizadeva <strong>ohraniti zobe<\/strong> in <strong>obnoviti tiste, ki jih je uni\u010dil karies<\/strong>.<\/p><p>V Ortodentu opravljamo ve\u010dino storitev splo\u0161nega zobozdravstva s pomo\u010djo na\u0161e zobozdravnice Eve Sini\u010d Vivod:<\/p><ul><li><strong>Estetsko splo\u0161no zobozdravstvo, protetika, implantologija<\/strong><\/li><li><strong>Beljenje zob<\/strong> &#8211; je enkraten poseg, kjer s pomo\u010djo Zoom lu\u010dke in belila pobelimo zobe za nekaj odtenkov.<\/li><li><strong>Zdravljenje z laserjem<\/strong> &#8211; uporabljamo mehko tkivni laser Sirona. Z njim odstranjujemo polipe, frenulume, zdravimo afte in odpravljamo herpes labialis.<\/li><\/ul><p>Za zdrave zobne korenine bo poskrbela na\u0161a specialistka endodontije Maja Mastnak.<\/p><p>Po potrebi, za va\u0161e zdravje vklju\u010dimo na\u0161e partnerje &#8211; specialiste ORALNE KIRURGIJE, ENDODONTIJE, PARODONTOLOGIJE.<\/p>\t\t\t\t\t\t\t\t<\/div>\n\t\t\t\t<\/div>\n\t\t\t\t<\/div>\n\t\t\t\t<\/div>\n\t\t<div class=\"elementor-element elementor-element-f87c00e e-flex e-con-boxed e-con e-parent\" data-id=\"f87c00e\" data-element_type=\"container\" data-e-type=\"container\">\n\t\t\t\t\t<div class=\"e-con-inner\">\n\t\t<div class=\"elementor-element elementor-element-6b2e025 e-con-full e-flex e-con e-child\" data-id=\"6b2e025\" data-element_type=\"container\" data-e-type=\"container\">\n\t\t\t\t<div class=\"elementor-element elementor-element-6252aa2 elementor-widget elementor-widget-image\" data-id=\"6252aa2\" data-element_type=\"widget\" data-e-type=\"widget\" data-widget_type=\"image.default\">\n\t\t\t\t<div class=\"elementor-widget-container\">\n\t\t\t\t\t\t\t\t\t\t\t\t\t\t\t<img fetchpriority=\"high\" decoding=\"async\" width=\"1706\" height=\"1706\" src=\"https:\/\/ortodent.si\/wp-content\/uploads\/2024\/02\/DSC_9943-scaled-e1721994109270.jpg\" class=\"attachment-full size-full wp-image-10105\" alt=\"\" srcset=\"https:\/\/ortodent.si\/wp-content\/uploads\/2024\/02\/DSC_9943-scaled-e1721994109270.jpg 1706w, https:\/\/ortodent.si\/wp-content\/uploads\/2024\/02\/DSC_9943-scaled-e1721994109270-300x300.jpg 300w, https:\/\/ortodent.si\/wp-content\/uploads\/2024\/02\/DSC_9943-scaled-e1721994109270-1024x1024.jpg 1024w, https:\/\/ortodent.si\/wp-content\/uploads\/2024\/02\/DSC_9943-scaled-e1721994109270-150x150.jpg 150w, https:\/\/ortodent.si\/wp-content\/uploads\/2024\/02\/DSC_9943-scaled-e1721994109270-768x768.jpg 768w, https:\/\/ortodent.si\/wp-content\/uploads\/2024\/02\/DSC_9943-scaled-e1721994109270-1536x1536.jpg 1536w, https:\/\/ortodent.si\/wp-content\/uploads\/2024\/02\/DSC_9943-scaled-e1721994109270-460x460.jpg 460w, https:\/\/ortodent.si\/wp-content\/uploads\/2024\/02\/DSC_9943-scaled-e1721994109270-560x560.jpg 560w, https:\/\/ortodent.si\/wp-content\/uploads\/2024\/02\/DSC_9943-scaled-e1721994109270-78x78.jpg 78w, https:\/\/ortodent.si\/wp-content\/uploads\/2024\/02\/DSC_9943-scaled-e1721994109270-260x260.jpg 260w, https:\/\/ortodent.si\/wp-content\/uploads\/2024\/02\/DSC_9943-scaled-e1721994109270-360x360.jpg 360w\" sizes=\"(max-width: 1706px) 100vw, 1706px\" \/>\t\t\t\t\t\t\t\t\t\t\t\t\t\t\t<\/div>\n\t\t\t\t<\/div>\n\t\t\t\t<\/div>\n\t\t<div class=\"elementor-element elementor-element-0f939db e-con-full e-flex e-con e-child\" data-id=\"0f939db\" data-element_type=\"container\" data-e-type=\"container\">\n\t\t\t\t<div class=\"elementor-element elementor-element-5f4421a elementor-widget elementor-widget-heading\" data-id=\"5f4421a\" data-element_type=\"widget\" data-e-type=\"widget\" data-widget_type=\"heading.default\">\n\t\t\t\t<div class=\"elementor-widget-container\">\n\t\t\t\t\t<h2 class=\"elementor-heading-title elementor-size-default\">Estetsko splo\u0161no zobozdravstvo <\/h2>\t\t\t\t<\/div>\n\t\t\t\t<\/div>\n\t\t\t\t<div class=\"elementor-element elementor-element-1d8bb76 elementor-widget elementor-widget-text-editor\" data-id=\"1d8bb76\" data-element_type=\"widget\" data-e-type=\"widget\" data-widget_type=\"text-editor.default\">\n\t\t\t\t<div class=\"elementor-widget-container\">\n\t\t\t\t\t\t\t\t\tEstetsko splo\u0161no zobozdravstvo varira <strong>od preprostih neinvazivnih postopkov do tretiranja zelo kompleksnih zobnih stanj<\/strong>:\n<ul>\n <li>zalivke<\/li>\n <li>kerami\u010dni inlay, onlay, overlay<\/li>\n <li>estetske luske.<\/li>\n<\/ul>\t\t\t\t\t\t\t\t<\/div>\n\t\t\t\t<\/div>\n\t\t\t\t<\/div>\n\t\t\t\t\t<\/div>\n\t\t\t\t<\/div>\n\t\t<div class=\"elementor-element elementor-element-3f2a96d e-flex e-con-boxed e-con e-parent\" data-id=\"3f2a96d\" data-element_type=\"container\" data-e-type=\"container\" data-settings=\"{&quot;background_background&quot;:&quot;classic&quot;}\">\n\t\t\t\t\t<div class=\"e-con-inner\">\n\t\t<div class=\"elementor-element elementor-element-de812ae e-con-full e-flex e-con e-child\" data-id=\"de812ae\" data-element_type=\"container\" data-e-type=\"container\" data-settings=\"{&quot;background_background&quot;:&quot;classic&quot;}\">\n\t\t<div class=\"elementor-element elementor-element-12414be e-con-full e-flex e-con e-child\" data-id=\"12414be\" data-element_type=\"container\" data-e-type=\"container\">\n\t\t<div class=\"elementor-element elementor-element-f0b7b47 e-con-full e-flex e-con e-child\" data-id=\"f0b7b47\" data-element_type=\"container\" data-e-type=\"container\">\n\t\t\t\t<div class=\"elementor-element elementor-element-d4577a6 elementor-invisible elementor-widget elementor-widget-heading\" data-id=\"d4577a6\" data-element_type=\"widget\" data-e-type=\"widget\" data-settings=\"{&quot;_animation&quot;:&quot;fadeInDown&quot;}\" data-widget_type=\"heading.default\">\n\t\t\t\t<div class=\"elementor-widget-container\">\n\t\t\t\t\t<h2 class=\"elementor-heading-title elementor-size-default\">Obvezno naro\u010danje<\/h2>\t\t\t\t<\/div>\n\t\t\t\t<\/div>\n\t\t\t\t<div class=\"elementor-element elementor-element-62bf608 elementor-invisible elementor-widget elementor-widget-text-editor\" data-id=\"62bf608\" data-element_type=\"widget\" data-e-type=\"widget\" data-settings=\"{&quot;_animation&quot;:&quot;fadeInDown&quot;}\" data-widget_type=\"text-editor.default\">\n\t\t\t\t<div class=\"elementor-widget-container\">\n\t\t\t\t\t\t\t\t\t<p>Za pregled v na\u0161i ambulanti se je potrebno predhodno naro\u010diti<\/p>\t\t\t\t\t\t\t\t<\/div>\n\t\t\t\t<\/div>\n\t\t\t\t<\/div>\n\t\t<div class=\"elementor-element elementor-element-e25606a e-con-full e-flex e-con e-child\" data-id=\"e25606a\" data-element_type=\"container\" data-e-type=\"container\">\n\t\t\t\t<div class=\"elementor-element elementor-element-1a07873 elementor-align-center elementor-mobile-align-justify elementor-widget elementor-widget-button\" data-id=\"1a07873\" data-element_type=\"widget\" data-e-type=\"widget\" data-widget_type=\"button.default\">\n\t\t\t\t<div class=\"elementor-widget-container\">\n\t\t\t\t\t\t\t\t\t<div class=\"elementor-button-wrapper\">\n\t\t\t\t\t<a class=\"elementor-button elementor-button-link elementor-size-xl\" href=\"https:\/\/ortodent.si\/kontakt-2\/\">\n\t\t\t\t\t\t<span class=\"elementor-button-content-wrapper\">\n\t\t\t\t\t\t\t\t\t<span class=\"elementor-button-text\">Rezerviraj termin<\/span>\n\t\t\t\t\t<\/span>\n\t\t\t\t\t<\/a>\n\t\t\t\t<\/div>\n\t\t\t\t\t\t\t\t<\/div>\n\t\t\t\t<\/div>\n\t\t\t\t<\/div>\n\t\t\t\t<\/div>\n\t\t\t\t<\/div>\n\t\t\t\t\t<\/div>\n\t\t\t\t<\/div>\n\t\t<div class=\"elementor-element elementor-element-89d71f0 e-flex e-con-boxed e-con e-parent\" data-id=\"89d71f0\" data-element_type=\"container\" data-e-type=\"container\">\n\t\t\t\t\t<div class=\"e-con-inner\">\n\t\t<div class=\"elementor-element elementor-element-b97146a e-con-full e-flex e-con e-child\" data-id=\"b97146a\" data-element_type=\"container\" data-e-type=\"container\">\n\t\t\t\t<div class=\"elementor-element elementor-element-567deac elementor-widget elementor-widget-heading\" data-id=\"567deac\" data-element_type=\"widget\" data-e-type=\"widget\" data-widget_type=\"heading.default\">\n\t\t\t\t<div class=\"elementor-widget-container\">\n\t\t\t\t\t<h2 class=\"elementor-heading-title elementor-size-default\">Splo\u0161no zobozdravstvo v Ortodentu - interdisciplinarno sodelovanje s specialisti drugih smeri zobozdravstva <\/h2>\t\t\t\t<\/div>\n\t\t\t\t<\/div>\n\t\t\t\t<div class=\"elementor-element elementor-element-7742753 elementor-widget elementor-widget-text-editor\" data-id=\"7742753\" data-element_type=\"widget\" data-e-type=\"widget\" data-widget_type=\"text-editor.default\">\n\t\t\t\t<div class=\"elementor-widget-container\">\n\t\t\t\t\t\t\t\t\t<p>Po potrebi, za va\u0161e zdravje vklju\u010dimo na\u0161e partnerje \u2013 <strong><em>specialiste ORALNE KIRURGIJE, ENDODONTIJE, PARODONTOLOGIJE<\/em><\/strong>.<\/p>\t\t\t\t\t\t\t\t<\/div>\n\t\t\t\t<\/div>\n\t\t\t\t<\/div>\n\t\t\t\t\t<\/div>\n\t\t\t\t<\/div>\n\t\t<div class=\"elementor-element elementor-element-c5afdbc e-flex e-con-boxed e-con e-parent\" data-id=\"c5afdbc\" data-element_type=\"container\" data-e-type=\"container\">\n\t\t\t\t\t<div class=\"e-con-inner\">\n\t\t<div class=\"elementor-element elementor-element-f235239 e-con-full e-flex e-con e-child\" data-id=\"f235239\" data-element_type=\"container\" data-e-type=\"container\">\n\t\t\t\t<div class=\"elementor-element elementor-element-ccc0ebb elementor-widget elementor-widget-image\" data-id=\"ccc0ebb\" data-element_type=\"widget\" data-e-type=\"widget\" data-widget_type=\"image.default\">\n\t\t\t\t<div class=\"elementor-widget-container\">\n\t\t\t\t\t\t\t\t\t\t\t\t\t\t\t<img decoding=\"async\" width=\"2560\" height=\"1440\" src=\"https:\/\/ortodent.si\/wp-content\/uploads\/2025\/12\/DSC03172_converted-scaled.avif\" class=\"attachment-full size-full wp-image-11778\" alt=\"\" srcset=\"https:\/\/ortodent.si\/wp-content\/uploads\/2025\/12\/DSC03172_converted-scaled.avif 2560w, https:\/\/ortodent.si\/wp-content\/uploads\/2025\/12\/DSC03172_converted-300x169.avif 300w, https:\/\/ortodent.si\/wp-content\/uploads\/2025\/12\/DSC03172_converted-1024x576.avif 1024w, https:\/\/ortodent.si\/wp-content\/uploads\/2025\/12\/DSC03172_converted-768x432.avif 768w, https:\/\/ortodent.si\/wp-content\/uploads\/2025\/12\/DSC03172_converted-1536x864.avif 1536w, https:\/\/ortodent.si\/wp-content\/uploads\/2025\/12\/DSC03172_converted-2048x1152.avif 2048w, https:\/\/ortodent.si\/wp-content\/uploads\/2025\/12\/DSC03172_converted-18x10.avif 18w, https:\/\/ortodent.si\/wp-content\/uploads\/2025\/12\/DSC03172_converted-360x203.avif 360w, https:\/\/ortodent.si\/wp-content\/uploads\/2025\/12\/DSC03172_converted-660x371.avif 660w, https:\/\/ortodent.si\/wp-content\/uploads\/2025\/12\/DSC03172_converted-560x315.avif 560w, https:\/\/ortodent.si\/wp-content\/uploads\/2025\/12\/DSC03172_converted-260x147.avif 260w, https:\/\/ortodent.si\/wp-content\/uploads\/2025\/12\/DSC03172_converted-480x271.avif 480w\" sizes=\"(max-width: 2560px) 100vw, 2560px\" \/>\t\t\t\t\t\t\t\t\t\t\t\t\t\t\t<\/div>\n\t\t\t\t<\/div>\n\t\t\t\t<\/div>\n\t\t<div class=\"elementor-element elementor-element-feb2be5 e-con-full e-flex e-con e-child\" data-id=\"feb2be5\" data-element_type=\"container\" data-e-type=\"container\">\n\t\t\t\t<div class=\"elementor-element elementor-element-7fc3dc2 elementor-widget elementor-widget-heading\" data-id=\"7fc3dc2\" data-element_type=\"widget\" data-e-type=\"widget\" data-widget_type=\"heading.default\">\n\t\t\t\t<div class=\"elementor-widget-container\">\n\t\t\t\t\t<h2 class=\"elementor-heading-title elementor-size-default\">Splo\u0161no zdravstvo \u2013 implantologija<\/h2>\t\t\t\t<\/div>\n\t\t\t\t<\/div>\n\t\t\t\t<div class=\"elementor-element elementor-element-576821a elementor-widget elementor-widget-text-editor\" data-id=\"576821a\" data-element_type=\"widget\" data-e-type=\"widget\" data-widget_type=\"text-editor.default\">\n\t\t\t\t<div class=\"elementor-widget-container\">\n\t\t\t\t\t\t\t\t\t<p><strong>Interdisciplinarno sodelovanje<\/strong> je pri ustvarjanju novega nasmeha pogosto nujno. V\u010dasih so v sklopu ortodontskega zdravljenja potrebni <strong>mini vsadki<\/strong>, kar spada na podro\u010dje <strong>implantologije<\/strong>, pogosto pa ortodonti sodelujejo tudi z zdravniki drugih specialnosti, kot so <strong>protetiki<\/strong>, <strong>parodontologi<\/strong> in \u0161e posebej <strong>oralnimi kirurgi<\/strong> in sicer zaradi razli\u010dnih indikacij &#8211; <em>neizraslih stalnih zob, odstranitve modrostnikov in podobnega<\/em>.<\/p><p>Na\u0161e zobozdravnice zato zelo natan\u010dno izvedejo diagnostiko, da lahko nato dolo\u010dijo pravo diagnozo in na\u010drtujejo optimalno individualno zdravljenje za vsakega na\u0161ega pacienta.<\/p>\t\t\t\t\t\t\t\t<\/div>\n\t\t\t\t<\/div>\n\t\t\t\t<\/div>\n\t\t\t\t\t<\/div>\n\t\t\t\t<\/div>\n\t\t<div class=\"elementor-element elementor-element-373808d e-flex e-con-boxed e-con e-parent\" data-id=\"373808d\" data-element_type=\"container\" data-e-type=\"container\">\n\t\t\t\t\t<div class=\"e-con-inner\">\n\t\t<div class=\"elementor-element elementor-element-af80999 e-con-full e-flex e-con e-child\" data-id=\"af80999\" data-element_type=\"container\" data-e-type=\"container\">\n\t\t\t\t<div class=\"elementor-element elementor-element-60f6dbf elementor-widget elementor-widget-heading\" data-id=\"60f6dbf\" data-element_type=\"widget\" data-e-type=\"widget\" data-widget_type=\"heading.default\">\n\t\t\t\t<div class=\"elementor-widget-container\">\n\t\t\t\t\t<h3 class=\"elementor-heading-title elementor-size-default\">Splo\u0161no zdravstvo \u2013 parodontologija<\/h3>\t\t\t\t<\/div>\n\t\t\t\t<\/div>\n\t\t\t\t<div class=\"elementor-element elementor-element-b4b0a4f elementor-widget elementor-widget-text-editor\" data-id=\"b4b0a4f\" data-element_type=\"widget\" data-e-type=\"widget\" data-widget_type=\"text-editor.default\">\n\t\t\t\t<div class=\"elementor-widget-container\">\n\t\t\t\t\t\t\t\t\t<p>V Ortodentu se trudimo na\u0161im pacientom zagotoviti <strong>celostno oskrbo ustne votline<\/strong>. \u017delimo spomniti na to da je <a href=\"https:\/\/www.ortodent.si\/ortodontija-in-parodontologija-interdisciplinarno-sodelovanje\/\"><strong><u>parodontologija<\/u> <\/strong><\/a><strong>\u00a0del na\u0161e ponudbe<\/strong>. \u010ce potrebujete parodontolo\u0161ko obravnavo, boste dele\u017eni najbolj\u0161e storitve in podrobnih navodil, kako tudi doma kakovostno, natan\u010dno in pravilno skrbeti za svoje zobe in dlesni.<\/p><p>Dobro interdisciplinarno sodelovanje, kakr\u0161nega poznamo v na\u0161i ekipi, je zagotovilo lepega in pravilnega nasmeha.<\/p><p>Na\u0161a parodontologinja Alja Cmok Kuci\u010d bo z ekipo poskrbela za zdrave dlesni in zobe! Obrnite se na nas \u2013 z veseljem vam bomo pomagali!<\/p>\t\t\t\t\t\t\t\t<\/div>\n\t\t\t\t<\/div>\n\t\t\t\t<\/div>\n\t\t<div class=\"elementor-element elementor-element-c26f442 e-con-full e-flex e-con e-child\" data-id=\"c26f442\" data-element_type=\"container\" data-e-type=\"container\">\n\t\t\t\t<div class=\"elementor-element elementor-element-6a34823 elementor-widget elementor-widget-image\" data-id=\"6a34823\" data-element_type=\"widget\" data-e-type=\"widget\" data-widget_type=\"image.default\">\n\t\t\t\t<div class=\"elementor-widget-container\">\n\t\t\t\t\t\t\t\t\t\t\t\t\t\t\t<img decoding=\"async\" width=\"1440\" height=\"2560\" src=\"https:\/\/ortodent.si\/wp-content\/uploads\/2025\/12\/DSC04363_converted-scaled.avif\" class=\"attachment-full size-full wp-image-11779\" alt=\"\" srcset=\"https:\/\/ortodent.si\/wp-content\/uploads\/2025\/12\/DSC04363_converted-scaled.avif 1440w, https:\/\/ortodent.si\/wp-content\/uploads\/2025\/12\/DSC04363_converted-169x300.avif 169w, https:\/\/ortodent.si\/wp-content\/uploads\/2025\/12\/DSC04363_converted-576x1024.avif 576w, https:\/\/ortodent.si\/wp-content\/uploads\/2025\/12\/DSC04363_converted-768x1365.avif 768w, https:\/\/ortodent.si\/wp-content\/uploads\/2025\/12\/DSC04363_converted-864x1536.avif 864w, https:\/\/ortodent.si\/wp-content\/uploads\/2025\/12\/DSC04363_converted-1152x2048.avif 1152w, https:\/\/ortodent.si\/wp-content\/uploads\/2025\/12\/DSC04363_converted-7x12.avif 7w, https:\/\/ortodent.si\/wp-content\/uploads\/2025\/12\/DSC04363_converted-560x995.avif 560w\" sizes=\"(max-width: 1440px) 100vw, 1440px\" \/>\t\t\t\t\t\t\t\t\t\t\t\t\t\t\t<\/div>\n\t\t\t\t<\/div>\n\t\t\t\t<\/div>\n\t\t\t\t\t<\/div>\n\t\t\t\t<\/div>\n\t\t<div class=\"elementor-element elementor-element-8eafc24 e-flex e-con-boxed e-con e-parent\" data-id=\"8eafc24\" data-element_type=\"container\" data-e-type=\"container\" data-settings=\"{&quot;background_background&quot;:&quot;classic&quot;}\">\n\t\t\t\t\t<div class=\"e-con-inner\">\n\t\t<div class=\"elementor-element elementor-element-65f5c50 e-con-full e-flex e-con e-child\" data-id=\"65f5c50\" data-element_type=\"container\" data-e-type=\"container\">\n\t\t<div class=\"elementor-element elementor-element-b561a98 e-con-full e-flex e-con e-child\" data-id=\"b561a98\" data-element_type=\"container\" data-e-type=\"container\">\n\t\t<div class=\"elementor-element elementor-element-c8af371 e-con-full e-flex e-con e-child\" data-id=\"c8af371\" data-element_type=\"container\" data-e-type=\"container\">\n\t\t\t\t<div class=\"elementor-element elementor-element-08ecbee elementor-widget elementor-widget-image\" data-id=\"08ecbee\" data-element_type=\"widget\" data-e-type=\"widget\" data-widget_type=\"image.default\">\n\t\t\t\t<div class=\"elementor-widget-container\">\n\t\t\t\t\t\t\t\t\t\t\t\t\t\t\t<img loading=\"lazy\" decoding=\"async\" width=\"1000\" height=\"579\" src=\"https:\/\/ortodent.si\/wp-content\/uploads\/2025\/12\/67216.jpg\" class=\"attachment-full size-full wp-image-11793\" alt=\"\" srcset=\"https:\/\/ortodent.si\/wp-content\/uploads\/2025\/12\/67216.jpg 1000w, https:\/\/ortodent.si\/wp-content\/uploads\/2025\/12\/67216-300x174.jpg 300w, https:\/\/ortodent.si\/wp-content\/uploads\/2025\/12\/67216-768x445.jpg 768w, https:\/\/ortodent.si\/wp-content\/uploads\/2025\/12\/67216-18x10.jpg 18w, https:\/\/ortodent.si\/wp-content\/uploads\/2025\/12\/67216-560x324.jpg 560w, https:\/\/ortodent.si\/wp-content\/uploads\/2025\/12\/67216-150x86.jpg 150w\" sizes=\"(max-width: 1000px) 100vw, 1000px\" \/>\t\t\t\t\t\t\t\t\t\t\t\t\t\t\t<\/div>\n\t\t\t\t<\/div>\n\t\t\t\t<\/div>\n\t\t<div class=\"elementor-element elementor-element-f54020a e-con-full e-flex e-con e-child\" data-id=\"f54020a\" data-element_type=\"container\" data-e-type=\"container\">\n\t\t\t\t<div class=\"elementor-element elementor-element-131b93f elementor-widget elementor-widget-heading\" data-id=\"131b93f\" data-element_type=\"widget\" data-e-type=\"widget\" data-widget_type=\"heading.default\">\n\t\t\t\t<div class=\"elementor-widget-container\">\n\t\t\t\t\t<h3 class=\"elementor-heading-title elementor-size-default\">Zlata pravila ortodontskega zdravljenja<\/h3>\t\t\t\t<\/div>\n\t\t\t\t<\/div>\n\t\t\t\t<div class=\"elementor-element elementor-element-b25963e elementor-widget elementor-widget-text-editor\" data-id=\"b25963e\" data-element_type=\"widget\" data-e-type=\"widget\" data-widget_type=\"text-editor.default\">\n\t\t\t\t<div class=\"elementor-widget-container\">\n\t\t\t\t\t\t\t\t\t<ul><li>Vedno si zapomni, da \u010distimo zobe po vsaki jedi, vsaj enkrat na dan pa uporabi zobno nitko ali vodno prho.<\/li><li>Uporabi set \u0161\u010detk, ki jih priporo\u010damo v Ortodentu in ne pozabi \u2013 menjaj \u0161\u010detke, ko so uni\u010dene \u0161\u010detine.<\/li><li>Uporabljaj zobno pasto z dodatkom fluoridov.<\/li><li>Izogibaj se jedem, ki vsebujejo dosti sladkorja in so lepljive. Med zdravljenjem z nesnemnim ortodontskim aparatom pazi pri jedi in previdno grizi trdo hrano, hrano re\u017ei na manj\u0161e ko\u0161\u010dke.<\/li><li>Snemni ortodontski aparat ali opornico shranjuj v za to predvideni \u0161katlici.<\/li><li>Aparat in opornico \u010disti s posebno \u0161\u010detko.<\/li><li>Obiskuj svojega zobozdravnika na rednih polletnih kontrolnih pregledih.<\/li><li>Vsaj 3x na leto privo\u0161\u010di svojim zobem strokovno \u010di\u0161\u010denje in fluoriranje.<\/li><\/ul>\t\t\t\t\t\t\t\t<\/div>\n\t\t\t\t<\/div>\n\t\t\t\t<\/div>\n\t\t\t\t<\/div>\n\t\t\t\t<\/div>\n\t\t\t\t\t<\/div>\n\t\t\t\t<\/div>\n\t\t\t\t<\/div>","protected":false},"excerpt":{"rendered":"<p>Splo\u0161no zobozdravstvo Rezerviraj termin Splo\u0161no zobozdravstvo si prizadeva ohraniti zobe in obnoviti tiste, ki jih je uni\u010dil karies. V Ortodentu opravljamo ve\u010dino storitev splo\u0161nega zobozdravstva s pomo\u010djo na\u0161e zobozdravnice Eve Sini\u010d Vivod: Estetsko splo\u0161no zobozdravstvo, protetika, implantologija Beljenje zob &#8211; je enkraten poseg, kjer s pomo\u010djo Zoom lu\u010dke in belila pobelimo zobe za nekaj odtenkov. [&hellip;]<\/p>","protected":false},"author":2,"featured_media":0,"parent":2614,"menu_order":0,"comment_status":"closed","ping_status":"closed","template":"","meta":{"footnotes":""},"class_list":["post-2631","page","type-page","status-publish","hentry"],"_links":{"self":[{"href":"https:\/\/www.kieferorthopaedie-ortodent.at\/de\/wp-json\/wp\/v2\/pages\/2631","targetHints":{"allow":["GET"]}}],"collection":[{"href":"https:\/\/www.kieferorthopaedie-ortodent.at\/de\/wp-json\/wp\/v2\/pages"}],"about":[{"href":"https:\/\/www.kieferorthopaedie-ortodent.at\/de\/wp-json\/wp\/v2\/types\/page"}],"author":[{"embeddable":true,"href":"https:\/\/www.kieferorthopaedie-ortodent.at\/de\/wp-json\/wp\/v2\/users\/2"}],"replies":[{"embeddable":true,"href":"https:\/\/www.kieferorthopaedie-ortodent.at\/de\/wp-json\/wp\/v2\/comments?post=2631"}],"version-history":[{"count":51,"href":"https:\/\/www.kieferorthopaedie-ortodent.at\/de\/wp-json\/wp\/v2\/pages\/2631\/revisions"}],"predecessor-version":[{"id":12089,"href":"https:\/\/www.kieferorthopaedie-ortodent.at\/de\/wp-json\/wp\/v2\/pages\/2631\/revisions\/12089"}],"up":[{"embeddable":true,"href":"https:\/\/www.kieferorthopaedie-ortodent.at\/de\/wp-json\/wp\/v2\/pages\/2614"}],"wp:attachment":[{"href":"https:\/\/www.kieferorthopaedie-ortodent.at\/de\/wp-json\/wp\/v2\/media?parent=2631"}],"curies":[{"name":"wp","href":"https:\/\/api.w.org\/{rel}","templated":true}]}}